{"id":20,"date":"2022-01-07T08:48:02","date_gmt":"2022-01-07T07:48:02","guid":{"rendered":"https:\/\/montees-du-daubenschlag.fr\/?page_id=20"},"modified":"2022-01-29T17:15:31","modified_gmt":"2022-01-29T16:15:31","slug":"hebergement-et-tourisme","status":"publish","type":"page","link":"https:\/\/montees-du-daubenschlag.fr\/?page_id=20","title":{"rendered":"HEBERGEMENT et TOURISME"},"content":{"rendered":"\n<p><strong><a href=\"http:\/\/campingaupaysdehanau.fr\/fr\/home\/\">Camping au Pays de Hanau | Dossenheim sur Zinsel<\/a><\/strong><\/p>\n\n\n\n<p>D\u00e9couvrez tous les attraits de notre camping situ\u00e9 au c\u0153ur de l&rsquo;Alsace du Nord, \u00e0 proximit\u00e9 de nombreux points d&rsquo;attraction. Votre s\u00e9jour inoubliable en Alsace ! Le camping vous propose 140 &#8230;<\/p>\n\n\n\n<p class=\"has-vivid-cyan-blue-color has-text-color\"><strong><a href=\"https:\/\/campingaupaysdehanau.fr\/camping\/\" target=\"_blank\" rel=\"noreferrer noopener\">http:\/\/campingaupaysdehanau.fr\/fr\/home\/<a rel=\"noreferrer noopener\" href=\"https:\/\/logement-heyd.jimdofree.com\/\" target=\"_blank\"><\/a><\/a><\/strong><\/p>\n\n\n\n<p class=\"has-vivid-purple-color has-text-color\"><strong>Location Meubl\u00e9 \/ Chambres d&rsquo;h\u00f4tes \/ 67330 Dossenheim sur Zinsel \/ Bas-Rhin \/Alsace<\/strong><\/p>\n\n\n<h5><a href=\"https:\/\/logement-heyd.jimdofree.com\/\"><strong>https:\/\/logement-heyd.jimdofree.com\/<\/strong><\/a><\/h5>\n<h5><strong><a href=\"https:\/\/art-et-bonheur.fr\">https:\/\/art-et-bonheur.fr<\/a><\/strong><\/h5>\n<h5><a href=\"https:\/\/indian-self-catering-accommodation.business.site\/\"><strong>https:\/\/indian-self-catering-accommodation.business.site\/<\/strong><\/a><\/h5>\n\n\n<p class=\"has-vivid-cyan-blue-color has-text-color has-regular-font-size\"><span class=\"has-inline-color has-vivid-purple-color\"><strong>Dossenheim-sur-Zinsel Station Verte ,<\/strong><\/span> <\/p>\n\n\n\n<p class=\"has-vivid-green-cyan-background-color has-background has-large-font-size\" style=\"line-height:1.4\"><strong>La commune de Dossenheim-sur-Zinsel est situ\u00e9e \u00e0 l&rsquo;entr\u00e9e du Parc Naturel R\u00e9gional des Vosges du Nord, entre Saverne et Bouxwiller, \u00e0 environ 50km au nord&#8230;<\/strong><\/p>\n\n\n\n<p class=\"has-vivid-cyan-blue-color has-text-color has-large-font-size\"><strong><a href=\"https:\/\/dossenheim-sur-zinsel.eu\" target=\"_blank\" rel=\"noreferrer noopener\">https:\/\/dossenheim-sur-zinsel.eu<\/a><\/strong><\/p>\n\n\n\n<p><a href=\"https:\/\/tourisme.hanau-lapetitepierre.alsace\/\" target=\"_blank\" rel=\"noreferrer noopener\">Bienvenue \u00e0 Hanau-La Petite Pierre &#8211; Tourisme en Alsace<\/a><\/p>\n\n\n\n<p>Sortez des sentiers battus et d\u00e9couvrez l&rsquo;Alsace autrement, au c\u0153ur du Parc Naturel des Vosges du Nord : escapades nature et lieux incontournables, Royal Palace, Mus\u00e9e Lalique, Ch\u00e2teau de &#8230;<\/p>\n\n\n\n<p class=\"has-vivid-cyan-blue-color has-text-color has-large-font-size\"><a href=\"https:\/\/tourisme.hanau-lapetitepierre.alsace\/\">https:\/\/tourisme.hanau-lapetitepie<\/a><a rel=\"noreferrer noopener\" href=\"https:\/\/tourisme.hanau-lapetitepierre.alsace\/\" target=\"_blank\">rre.alsace\/<\/a><\/p>\n\n\n\n<p><em><strong>Les associations partenaires :<\/strong><\/em><strong>Comit\u00e9 des f\u00eates de Dossenheim sur Zinsel<\/strong>\u0097<\/p>\n\n\n\n<p>Trailers de la rose<\/p>\n\n\n\n<p>\u0097Union des cyclistes des Vosges du Nord\u0097<\/p>\n\n\n\n<p>Club Vosgien<\/p>\n\n\n\n<p>USEP Les Loups<\/p>\n","protected":false},"excerpt":{"rendered":"<p>Camping au Pays de Hanau | Dossenheim sur Zinsel D\u00e9couvrez tous les attraits de notre camping situ\u00e9 au c\u0153ur de l&rsquo;Alsace du Nord, \u00e0 proximit\u00e9 de nombreux points d&rsquo;attraction. Votre s\u00e9jour inoubliable en Alsace ! Le camping vous propose 140 &#8230; http:\/\/campingaupaysdehanau.fr\/fr\/home\/ Location Meubl\u00e9 \/ Chambres d&rsquo;h\u00f4tes \/ 67330 Dossenheim sur Zinsel \/ Bas-Rhin \/Alsace &hellip; <\/p>\n<p><a class=\"more-link btn\" href=\"https:\/\/montees-du-daubenschlag.fr\/?page_id=20\">Lire la suite<\/a><\/p>\n","protected":false},"author":1,"featured_media":0,"parent":0,"menu_order":0,"comment_status":"closed","ping_status":"closed","template":"","meta":{"ngg_post_thumbnail":0,"footnotes":""},"class_list":["post-20","page","type-page","status-publish","hentry","nodate","item-wrap"],"_links":{"self":[{"href":"https:\/\/montees-du-daubenschlag.fr\/index.php?rest_route=\/wp\/v2\/pages\/20","targetHints":{"allow":["GET"]}}],"collection":[{"href":"https:\/\/montees-du-daubenschlag.fr\/index.php?rest_route=\/wp\/v2\/pages"}],"about":[{"href":"https:\/\/montees-du-daubenschlag.fr\/index.php?rest_route=\/wp\/v2\/types\/page"}],"author":[{"embeddable":true,"href":"https:\/\/montees-du-daubenschlag.fr\/index.php?rest_route=\/wp\/v2\/users\/1"}],"replies":[{"embeddable":true,"href":"https:\/\/montees-du-daubenschlag.fr\/index.php?rest_route=%2Fwp%2Fv2%2Fcomments&post=20"}],"version-history":[{"count":13,"href":"https:\/\/montees-du-daubenschlag.fr\/index.php?rest_route=\/wp\/v2\/pages\/20\/revisions"}],"predecessor-version":[{"id":571,"href":"https:\/\/montees-du-daubenschlag.fr\/index.php?rest_route=\/wp\/v2\/pages\/20\/revisions\/571"}],"wp:attachment":[{"href":"https:\/\/montees-du-daubenschlag.fr\/index.php?rest_route=%2Fwp%2Fv2%2Fmedia&parent=20"}],"curies":[{"name":"wp","href":"https:\/\/api.w.org\/{rel}","templated":true}]}}