{"id":18,"date":"2022-01-07T08:15:11","date_gmt":"2022-01-07T07:15:11","guid":{"rendered":"https:\/\/montees-du-daubenschlag.fr\/?page_id=18"},"modified":"2026-04-08T15:20:48","modified_gmt":"2026-04-08T13:20:48","slug":"reglement-des-montees-du-daubenschlag","status":"publish","type":"page","link":"https:\/\/montees-du-daubenschlag.fr\/?page_id=18","title":{"rendered":"R\u00c8GLEMENT 2026 \u2013 LMDD"},"content":{"rendered":"\n<p>R\u00e8glement Trail \u00ab\u00a0Les Mont\u00e9es du Daubenschlag\u00a0\u00bb &#8211; \u00c9dition 2026 &#8211; Maj 08.04.2026<\/p>\n\n\n\n<p><a href=\"https:\/\/montees-du-daubenschlag.fr\/wp-content\/uploads\/2026\/04\/2026_04_08_Reglement_trail_2026_vf.docx.pdf\">https:\/\/montees-du-daubenschlag.fr\/wp-content\/uploads\/2026\/04\/2026_04_08_Reglement_trail_2026_vf.docx.pdf<\/a><\/p>\n\n\n\n<div class=\"wp-block-file\"><object class=\"wp-block-file__embed\" data=\"https:\/\/montees-du-daubenschlag.fr\/wp-content\/uploads\/2025\/08\/Reglement_trail_2025.pdf\" type=\"application\/pdf\" style=\"width:100%;height:600px\" aria-label=\"R\u00e8glement_trail_2025\"><\/object><a id=\"wp-block-file--media-b077f989-09c3-443c-ab51-8eb0ad7e66fc\" href=\"https:\/\/montees-du-daubenschlag.fr\/wp-content\/uploads\/2025\/08\/Reglement_trail_2025.pdf\">R\u00e8glement_trail_2025<\/a><a href=\"https:\/\/montees-du-daubenschlag.fr\/wp-content\/uploads\/2025\/08\/Reglement_trail_2025.pdf\" class=\"wp-block-file__button wp-element-button\" download aria-describedby=\"wp-block-file--media-b077f989-09c3-443c-ab51-8eb0ad7e66fc\">T\u00e9l\u00e9charger<\/a><\/div>\n\n\n<p><a href=\"https:\/\/montees-du-daubenschlag.fr\/wp-content\/uploads\/2024\/03\/REG-03.A17-Reglement-Canicross-Canitrail-Ski-joering-1.pdf\">R\u00e8glement sp\u00e9cifique du Canicross &#8211; Edition 1 &#8211; 2024 &#8211; Maj 20240307<\/a><\/p>\n<p><span style=\"color: #ff0000;\">Attention :&nbsp;on n&rsquo;appliquera pas le paragraphe 1.5.1, car on passera par Sporkrono.<\/span><\/p>\n<p>1.5.1 Dans le souci de soulager le travail des organisateurs, tout adh\u00e9rent ou non de la F\u00e9d\u00e9ration Fran\u00e7aise des Sports et Loisirs Canins <br \/>devra s\u2019inscrire avant la date de l\u2019\u00e9preuve via la plateforme des courses FFSLC.<\/p>\n<p>&nbsp;<\/p>\n\n\n<p><\/p>\n","protected":false},"excerpt":{"rendered":"<p>R\u00e8glement Trail \u00ab\u00a0Les Mont\u00e9es du Daubenschlag\u00a0\u00bb &#8211; \u00c9dition 2026 &#8211; Maj 08.04.2026 https:\/\/montees-du-daubenschlag.fr\/wp-content\/uploads\/2026\/04\/2026_04_08_Reglement_trail_2026_vf.docx.pdf R\u00e8glement sp\u00e9cifique du Canicross &#8211; Edition 1 &#8211; 2024 &#8211; Maj 20240307 Attention :&nbsp;on n&rsquo;appliquera pas le paragraphe 1.5.1, car on passera par Sporkrono. 1.5.1 Dans le souci de soulager le travail des organisateurs, tout adh\u00e9rent ou non de la F\u00e9d\u00e9ration Fran\u00e7aise &hellip; <\/p>\n<p><a class=\"more-link btn\" href=\"https:\/\/montees-du-daubenschlag.fr\/?page_id=18\">Lire la suite<\/a><\/p>\n","protected":false},"author":1,"featured_media":0,"parent":0,"menu_order":0,"comment_status":"closed","ping_status":"closed","template":"","meta":{"ngg_post_thumbnail":0,"footnotes":""},"class_list":["post-18","page","type-page","status-publish","hentry","nodate","item-wrap"],"_links":{"self":[{"href":"https:\/\/montees-du-daubenschlag.fr\/index.php?rest_route=\/wp\/v2\/pages\/18","targetHints":{"allow":["GET"]}}],"collection":[{"href":"https:\/\/montees-du-daubenschlag.fr\/index.php?rest_route=\/wp\/v2\/pages"}],"about":[{"href":"https:\/\/montees-du-daubenschlag.fr\/index.php?rest_route=\/wp\/v2\/types\/page"}],"author":[{"embeddable":true,"href":"https:\/\/montees-du-daubenschlag.fr\/index.php?rest_route=\/wp\/v2\/users\/1"}],"replies":[{"embeddable":true,"href":"https:\/\/montees-du-daubenschlag.fr\/index.php?rest_route=%2Fwp%2Fv2%2Fcomments&post=18"}],"version-history":[{"count":27,"href":"https:\/\/montees-du-daubenschlag.fr\/index.php?rest_route=\/wp\/v2\/pages\/18\/revisions"}],"predecessor-version":[{"id":2395,"href":"https:\/\/montees-du-daubenschlag.fr\/index.php?rest_route=\/wp\/v2\/pages\/18\/revisions\/2395"}],"wp:attachment":[{"href":"https:\/\/montees-du-daubenschlag.fr\/index.php?rest_route=%2Fwp%2Fv2%2Fmedia&parent=18"}],"curies":[{"name":"wp","href":"https:\/\/api.w.org\/{rel}","templated":true}]}}