{"id":174,"date":"2022-01-26T17:14:16","date_gmt":"2022-01-26T16:14:16","guid":{"rendered":"https:\/\/montees-du-daubenschlag.fr\/?page_id=174"},"modified":"2022-01-29T21:30:33","modified_gmt":"2022-01-29T20:30:33","slug":"acces-parking","status":"publish","type":"page","link":"https:\/\/montees-du-daubenschlag.fr\/?page_id=174","title":{"rendered":"Acc\u00e8s &#8211; Parking"},"content":{"rendered":"<p>Afin de vous faciliter l&rsquo;acc\u00e8s au point de d\u00e9part situ\u00e9 <strong>\u00e0 proximit\u00e9 de la Salle de la Zinsel<\/strong>, nous vous proposons pas moins de 8 zones de parking \u00e0 moins de 1 km du d\u00e9part.<\/p>\n<p>Les plus grandes zones de stationnement sont situ\u00e9es \u00e0&nbsp;<strong>l&rsquo;\u00e9cole primaire, rue de l&rsquo;Oberhof (vers Phalsbourg), Rue d&rsquo;Ernolsheim ou encore rue de la Gare.<\/strong> La rue du Stade sera ferm\u00e9e et vous ne pourrez rejoindre le d\u00e9part qu&rsquo;\u00e0 pied.<\/p>\n<p>&nbsp;Un parcours fl\u00e9ch\u00e9 vous am\u00e8nera au point de d\u00e9part en moins de 5 min.&nbsp;<\/p>\n\n\n<figure class=\"wp-block-gallery columns-2 is-cropped wp-block-gallery-1 is-layout-flex wp-block-gallery-is-layout-flex\"><ul class=\"blocks-gallery-grid\"><li class=\"blocks-gallery-item\"><figure><a href=\"https:\/\/montees-du-daubenschlag.fr\/wp-content\/uploads\/2022\/01\/ob_473cf6_acces-dossenheim.jpg\"><img loading=\"lazy\" decoding=\"async\" width=\"1111\" height=\"715\" src=\"https:\/\/montees-du-daubenschlag.fr\/wp-content\/uploads\/2022\/01\/ob_473cf6_acces-dossenheim.jpg\" alt=\"\" data-id=\"177\" data-full-url=\"https:\/\/montees-du-daubenschlag.fr\/wp-content\/uploads\/2022\/01\/ob_473cf6_acces-dossenheim.jpg\" data-link=\"https:\/\/montees-du-daubenschlag.fr\/?attachment_id=177\" class=\"wp-image-177\" srcset=\"https:\/\/montees-du-daubenschlag.fr\/wp-content\/uploads\/2022\/01\/ob_473cf6_acces-dossenheim.jpg 1111w, https:\/\/montees-du-daubenschlag.fr\/wp-content\/uploads\/2022\/01\/ob_473cf6_acces-dossenheim-300x193.jpg 300w, https:\/\/montees-du-daubenschlag.fr\/wp-content\/uploads\/2022\/01\/ob_473cf6_acces-dossenheim-1024x659.jpg 1024w, https:\/\/montees-du-daubenschlag.fr\/wp-content\/uploads\/2022\/01\/ob_473cf6_acces-dossenheim-768x494.jpg 768w, https:\/\/montees-du-daubenschlag.fr\/wp-content\/uploads\/2022\/01\/ob_473cf6_acces-dossenheim-750x483.jpg 750w\" sizes=\"auto, (max-width: 1111px) 100vw, 1111px\" \/><\/a><\/figure><\/li><li class=\"blocks-gallery-item\"><figure><a href=\"https:\/\/montees-du-daubenschlag.fr\/wp-content\/uploads\/2022\/01\/parking_village_2021-e1643488213686.jpg\"><img loading=\"lazy\" decoding=\"async\" width=\"741\" height=\"815\" src=\"https:\/\/montees-du-daubenschlag.fr\/wp-content\/uploads\/2022\/01\/parking_village_2021-e1643488213686.jpg\" alt=\"\" data-id=\"578\" data-full-url=\"https:\/\/montees-du-daubenschlag.fr\/wp-content\/uploads\/2022\/01\/parking_village_2021-e1643488213686.jpg\" data-link=\"https:\/\/montees-du-daubenschlag.fr\/?attachment_id=578\" class=\"wp-image-578\" srcset=\"https:\/\/montees-du-daubenschlag.fr\/wp-content\/uploads\/2022\/01\/parking_village_2021-e1643488213686.jpg 741w, https:\/\/montees-du-daubenschlag.fr\/wp-content\/uploads\/2022\/01\/parking_village_2021-e1643488213686-273x300.jpg 273w\" sizes=\"auto, (max-width: 741px) 100vw, 741px\" \/><\/a><\/figure><\/li><\/ul><\/figure>\n","protected":false},"excerpt":{"rendered":"<p>Afin de vous faciliter l&rsquo;acc\u00e8s au point de d\u00e9part situ\u00e9 \u00e0 proximit\u00e9 de la Salle de la Zinsel, nous vous proposons pas moins de 8 zones de parking \u00e0 moins de 1 km du d\u00e9part. Les plus grandes zones de stationnement sont situ\u00e9es \u00e0&nbsp;l&rsquo;\u00e9cole primaire, rue de l&rsquo;Oberhof (vers Phalsbourg), Rue d&rsquo;Ernolsheim ou encore rue &hellip; <\/p>\n<p><a class=\"more-link btn\" href=\"https:\/\/montees-du-daubenschlag.fr\/?page_id=174\">Lire la suite<\/a><\/p>\n","protected":false},"author":1,"featured_media":0,"parent":0,"menu_order":0,"comment_status":"closed","ping_status":"closed","template":"","meta":{"ngg_post_thumbnail":0,"footnotes":""},"class_list":["post-174","page","type-page","status-publish","hentry","nodate","item-wrap"],"_links":{"self":[{"href":"https:\/\/montees-du-daubenschlag.fr\/index.php?rest_route=\/wp\/v2\/pages\/174","targetHints":{"allow":["GET"]}}],"collection":[{"href":"https:\/\/montees-du-daubenschlag.fr\/index.php?rest_route=\/wp\/v2\/pages"}],"about":[{"href":"https:\/\/montees-du-daubenschlag.fr\/index.php?rest_route=\/wp\/v2\/types\/page"}],"author":[{"embeddable":true,"href":"https:\/\/montees-du-daubenschlag.fr\/index.php?rest_route=\/wp\/v2\/users\/1"}],"replies":[{"embeddable":true,"href":"https:\/\/montees-du-daubenschlag.fr\/index.php?rest_route=%2Fwp%2Fv2%2Fcomments&post=174"}],"version-history":[{"count":5,"href":"https:\/\/montees-du-daubenschlag.fr\/index.php?rest_route=\/wp\/v2\/pages\/174\/revisions"}],"predecessor-version":[{"id":580,"href":"https:\/\/montees-du-daubenschlag.fr\/index.php?rest_route=\/wp\/v2\/pages\/174\/revisions\/580"}],"wp:attachment":[{"href":"https:\/\/montees-du-daubenschlag.fr\/index.php?rest_route=%2Fwp%2Fv2%2Fmedia&parent=174"}],"curies":[{"name":"wp","href":"https:\/\/api.w.org\/{rel}","templated":true}]}}