{"id":14,"date":"2022-01-07T08:12:46","date_gmt":"2022-01-07T07:12:46","guid":{"rendered":"https:\/\/montees-du-daubenschlag.fr\/?page_id=14"},"modified":"2025-09-18T19:57:29","modified_gmt":"2025-09-18T17:57:29","slug":"resultats-edition-2020","status":"publish","type":"page","link":"https:\/\/montees-du-daubenschlag.fr\/?page_id=14","title":{"rendered":"RESULTATS \u2013 Editions 25, 24, 23, 22, \u2026."},"content":{"rendered":"<h3><span style=\"color: #ff0000;\">R\u00e9sultats des courses 2025<\/span><\/h3>\n<h5><a href=\"https:\/\/sporkrono.fr\/courses\/3614181447\/les-montees-du-daubenschlag\/\" target=\"_blank\" rel=\"noopener\"><span style=\"color: #33cccc;\"><strong><span style=\"color: #3366ff;\">2025 r\u00e9sultats des courses des Mont\u00e9es du Daubenschlag<\/span><\/strong><\/span><\/a><\/h5>\n<h3><span style=\"color: #ff0000;\">R\u00e9sultats des courses 2024<\/span><\/h3>\n<h5><a href=\"https:\/\/sporkrono.fr\/courses\/3614181447\/les-montees-du-daubenschlag\/\" target=\"_blank\" rel=\"noopener\">2024 r\u00e9sultats des courses des Mont\u00e9es du Daubenschlag<\/a><\/h5>\n<h3><span style=\"color: #ff0000;\">R\u00e9sultats des courses 2023<\/span><\/h3>\n<h5><a href=\"https:\/\/sporkrono.fr\/courses\/3614181447\/les-montees-du-daubenschlag\/\" target=\"_blank\" rel=\"noopener\">2023 r\u00e9sultats des courses des Mont\u00e9es du Daubenschlag<\/a><\/h5>\n<h3><span style=\"color: #ff0000;\">R\u00e9sultats des courses 2022<\/span><\/h3>\n<h5><a href=\"https:\/\/sporkrono.fr\/courses\/3614181447\/les-montees-du-daubenschlag\/\" target=\"_blank\" rel=\"noopener\">2022 r\u00e9sultats des courses des Mont\u00e9es du Daubenschlag<\/a><\/h5>\n<h3><span style=\"color: #ff0000;\">R\u00e9sultats des courses 2021<\/span><\/h3>\n<h5><a href=\"https:\/\/www.sporkrono.fr\/2021-resultats-trail-du-daubenschlag\/\" target=\"_blank\" rel=\"noopener\"><strong>2021 r\u00e9sultats des courses des Mont\u00e9es du Daubenschlag<\/strong><\/a><\/h5>\n<figure class=\"image-align-center\" style=\"margin: 10px 0px 10px 0px;\"><\/figure>\n<figure class=\"image-align-center\" style=\"margin: 10px 0px 10px 0px;\"><\/figure>\n<figure class=\"image-align-center\" style=\"margin: 10px 0px 10px 0px;\"><\/figure>\n<figure class=\"image-align-center\" style=\"margin: 10px 0px 10px 0px;\"><\/figure>\n<figure class=\"image-align-center\" style=\"margin: 10px 0px 10px 0px;\"><\/figure>\n<figure class=\"image-align-center\" style=\"margin: 10px 0px 10px 0px;\"><\/figure>\n<figure class=\"image-align-center\" style=\"margin: 10px 0px 10px 0px;\"><\/figure>\n<figure class=\"image-align-center\" style=\"margin: 10px 0px 10px 0px;\"><\/figure>\n<figure class=\"image-align-center\" style=\"margin: 10px 0px 10px 0px;\"><\/figure>\n<figure class=\"image-align-center\" style=\"margin: 10px 0px 10px 0px;\"><\/figure>\n<figure class=\"image-align-center\" style=\"margin: 10px 0px 10px 0px;\"><\/figure>\n<figure class=\"image-align-center\" style=\"margin: 10px 0px 10px 0px;\"><\/figure>\n<figure class=\"image-align-center\" style=\"margin: 10px 0px 10px 0px;\"><\/figure>\n<h3><span style=\"color: #ff0000;\">R\u00e9sultats des courses 2020<\/span><\/h3>\n<figure class=\"image-align-center\" style=\"margin: 10px 0px 10px 0px;\"><\/figure>\n<figure class=\"image-align-center\" style=\"margin: 10px 0px 10px 0px;\"><\/figure>\n<figure class=\"image-align-center\" style=\"margin: 10px 0px 10px 0px;\"><\/figure>\n<figure class=\"image-align-center\" style=\"margin: 10px 0px 10px 0px;\"><\/figure>\n<figure class=\"image-align-center\" style=\"margin: 10px 0px 10px 0px;\"><\/figure>\n<figure class=\"image-align-center\" style=\"margin: 10px 0px 10px 0px;\"><\/figure>\n<figure class=\"image-align-center\" style=\"margin: 10px 0px 10px 0px;\"><\/figure>\n<figure class=\"image-align-center\" style=\"margin: 10px 0px 10px 0px;\"><\/figure>\n<figure class=\"image-align-center\" style=\"margin: 10px 0px 10px 0px;\"><\/figure>\n<figure class=\"image-align-center\" style=\"margin: 10px 0px 10px 0px;\"><\/figure>\n<figure class=\"image-align-center\" style=\"margin: 10px 0px 10px 0px;\"><\/figure>\n<figure class=\"image-align-center\" style=\"margin: 10px 0px 10px 0px;\"><\/figure>\n<figure class=\"image-align-center\" style=\"margin: 10px 0px 10px 0px;\"><\/figure>\n<figure class=\"image-align-center\" style=\"margin: 10px 0px 10px 0px;\"><\/figure>\n<h5><a href=\"https:\/\/www.sporkrono.fr\/2021-resultats-trail-daubenschlag\/\" target=\"_blank\" rel=\"noopener\">2020 r\u00e9sultats des courses des Mont\u00e9es du Daubenschlag<\/a><\/h5>\n<h3>&nbsp;<\/h3>\n<p>&nbsp;<\/p>\n<figure class=\"image-align-center\"><\/figure>\n<figure class=\"image-align-center\"><\/figure>\n<p><strong><span style=\"color: #ff0000;\"><span style=\"background-color: #00ff00;\">&nbsp;<\/span><\/span><\/strong><\/p>\n<figure class=\"image-align-center\" style=\"margin: 10px 0px 10px 0px;\"><\/figure>\n<figure class=\"image-align-center\" style=\"margin: 10px 0px 10px 0px;\"><\/figure>\n","protected":false},"excerpt":{"rendered":"<p>R\u00e9sultats des courses 2025 2025 r\u00e9sultats des courses des Mont\u00e9es du Daubenschlag R\u00e9sultats des courses 2024 2024 r\u00e9sultats des courses des Mont\u00e9es du Daubenschlag R\u00e9sultats des courses 2023 2023 r\u00e9sultats des courses des Mont\u00e9es du Daubenschlag R\u00e9sultats des courses 2022 2022 r\u00e9sultats des courses des Mont\u00e9es du Daubenschlag R\u00e9sultats des courses 2021 2021 r\u00e9sultats des &hellip; <\/p>\n<p><a class=\"more-link btn\" href=\"https:\/\/montees-du-daubenschlag.fr\/?page_id=14\">Lire la suite<\/a><\/p>\n","protected":false},"author":1,"featured_media":0,"parent":0,"menu_order":0,"comment_status":"closed","ping_status":"closed","template":"","meta":{"ngg_post_thumbnail":0,"footnotes":""},"class_list":["post-14","page","type-page","status-publish","hentry","nodate","item-wrap"],"_links":{"self":[{"href":"https:\/\/montees-du-daubenschlag.fr\/index.php?rest_route=\/wp\/v2\/pages\/14","targetHints":{"allow":["GET"]}}],"collection":[{"href":"https:\/\/montees-du-daubenschlag.fr\/index.php?rest_route=\/wp\/v2\/pages"}],"about":[{"href":"https:\/\/montees-du-daubenschlag.fr\/index.php?rest_route=\/wp\/v2\/types\/page"}],"author":[{"embeddable":true,"href":"https:\/\/montees-du-daubenschlag.fr\/index.php?rest_route=\/wp\/v2\/users\/1"}],"replies":[{"embeddable":true,"href":"https:\/\/montees-du-daubenschlag.fr\/index.php?rest_route=%2Fwp%2Fv2%2Fcomments&post=14"}],"version-history":[{"count":24,"href":"https:\/\/montees-du-daubenschlag.fr\/index.php?rest_route=\/wp\/v2\/pages\/14\/revisions"}],"predecessor-version":[{"id":2342,"href":"https:\/\/montees-du-daubenschlag.fr\/index.php?rest_route=\/wp\/v2\/pages\/14\/revisions\/2342"}],"wp:attachment":[{"href":"https:\/\/montees-du-daubenschlag.fr\/index.php?rest_route=%2Fwp%2Fv2%2Fmedia&parent=14"}],"curies":[{"name":"wp","href":"https:\/\/api.w.org\/{rel}","templated":true}]}}